{"id":449,"date":"2025-02-13T16:59:26","date_gmt":"2025-02-13T16:59:26","guid":{"rendered":"https:\/\/instituticoa.es\/?page_id=449"},"modified":"2025-02-18T16:36:32","modified_gmt":"2025-02-18T16:36:32","slug":"aprendev","status":"publish","type":"page","link":"https:\/\/instituticoa.es\/es\/aprendev\/","title":{"rendered":"AprenDev"},"content":{"rendered":"<div data-elementor-type=\"wp-page\" data-elementor-id=\"449\" class=\"elementor elementor-449\">\n\t\t\t\t<div class=\"elementor-element elementor-element-494cf00 e-flex e-con-boxed wpr-jarallax-no wpr-parallax-no wpr-sticky-section-no e-con e-parent\" data-id=\"494cf00\" data-element_type=\"container\" data-settings=\"{&quot;background_background&quot;:&quot;gradient&quot;}\">\n\t\t\t\t\t<div class=\"e-con-inner\">\n\t\t\t\t\t<\/div>\n\t\t\t\t<\/div>\n\t\t<div class=\"elementor-element elementor-element-ff78f35 e-flex e-con-boxed wpr-particle-no wpr-jarallax-no wpr-parallax-no wpr-sticky-section-no e-con e-parent\" data-id=\"ff78f35\" data-element_type=\"container\">\n\t\t\t\t\t<div class=\"e-con-inner\">\n\t\t\t\t<div class=\"elementor-element elementor-element-3ce9f70 elementor-widget elementor-widget-heading\" data-id=\"3ce9f70\" data-element_type=\"widget\" data-widget_type=\"heading.default\">\n\t\t\t\t<div class=\"elementor-widget-container\">\n\t\t\t\t\t<h2 class=\"elementor-heading-title elementor-size-default\">AprenDev<\/h2>\t\t\t\t<\/div>\n\t\t\t\t<\/div>\n\t\t\t\t<div class=\"elementor-element elementor-element-8c2c604 elementor-widget elementor-widget-heading\" data-id=\"8c2c604\" data-element_type=\"widget\" data-widget_type=\"heading.default\">\n\t\t\t\t<div class=\"elementor-widget-container\">\n\t\t\t\t\t<h2 class=\"elementor-heading-title elementor-size-default\">2019<\/h2>\t\t\t\t<\/div>\n\t\t\t\t<\/div>\n\t\t\t\t\t<\/div>\n\t\t\t\t<\/div>\n\t\t<div class=\"elementor-element elementor-element-15715ee e-flex e-con-boxed wpr-particle-no wpr-jarallax-no wpr-parallax-no wpr-sticky-section-no e-con e-parent\" data-id=\"15715ee\" data-element_type=\"container\">\n\t\t\t\t\t<div class=\"e-con-inner\">\n\t\t<div class=\"elementor-element elementor-element-4f219e8 e-con-full e-flex wpr-particle-no wpr-jarallax-no wpr-parallax-no wpr-sticky-section-no elementor-invisible e-con e-child\" data-id=\"4f219e8\" data-element_type=\"container\" data-settings=\"{&quot;animation&quot;:&quot;slideInLeft&quot;}\">\n\t\t\t\t<div class=\"elementor-element elementor-element-4c8c662 elementor-widget elementor-widget-image\" data-id=\"4c8c662\" data-element_type=\"widget\" data-widget_type=\"image.default\">\n\t\t\t\t<div class=\"elementor-widget-container\">\n\t\t\t\t\t\t\t\t\t\t\t\t\t\t\t<img fetchpriority=\"high\" decoding=\"async\" width=\"825\" height=\"1024\" src=\"https:\/\/instituticoa.es\/wp-content\/uploads\/2019\/11\/APRENDEV-DEFINITIVO-825x1024.jpg\" class=\"attachment-large size-large wp-image-114\" alt=\"\" srcset=\"https:\/\/instituticoa.es\/wp-content\/uploads\/2019\/11\/APRENDEV-DEFINITIVO-825x1024.jpg 825w, https:\/\/instituticoa.es\/wp-content\/uploads\/2019\/11\/APRENDEV-DEFINITIVO-242x300.jpg 242w, https:\/\/instituticoa.es\/wp-content\/uploads\/2019\/11\/APRENDEV-DEFINITIVO-768x953.jpg 768w, https:\/\/instituticoa.es\/wp-content\/uploads\/2019\/11\/APRENDEV-DEFINITIVO-1238x1536.jpg 1238w, https:\/\/instituticoa.es\/wp-content\/uploads\/2019\/11\/APRENDEV-DEFINITIVO-1650x2048.jpg 1650w\" sizes=\"(max-width: 825px) 100vw, 825px\" \/>\t\t\t\t\t\t\t\t\t\t\t\t\t\t\t<\/div>\n\t\t\t\t<\/div>\n\t\t\t\t<\/div>\n\t\t<div class=\"elementor-element elementor-element-131d9e2 e-con-full e-flex wpr-particle-no wpr-jarallax-no wpr-parallax-no wpr-sticky-section-no elementor-invisible e-con e-child\" data-id=\"131d9e2\" data-element_type=\"container\" data-settings=\"{&quot;animation&quot;:&quot;slideInRight&quot;}\">\n\t\t\t\t<div class=\"elementor-element elementor-element-7a89fe6 elementor-widget elementor-widget-text-editor\" data-id=\"7a89fe6\" data-element_type=\"widget\" data-widget_type=\"text-editor.default\">\n\t\t\t\t<div class=\"elementor-widget-container\">\n\t\t\t\t\t\t\t\t\t<p><strong>AprenDev<\/strong> \u00e9s un esdeveniment dedicat a professionals i estudiants de la ind\u00fastria dels videojocs, amb xerrades, tallers i masterclass d\u2019altres professionals de manera que repercuteixi en la seva experi\u00e8ncia i facilitar vies per a la emprenedoria.<\/p>\t\t\t\t\t\t\t\t<\/div>\n\t\t\t\t<\/div>\n\t\t\t\t<div class=\"elementor-element elementor-element-871a6f1 elementor-widget elementor-widget-image\" data-id=\"871a6f1\" data-element_type=\"widget\" data-widget_type=\"image.default\">\n\t\t\t\t<div class=\"elementor-widget-container\">\n\t\t\t\t\t\t\t\t\t\t\t\t\t\t\t<img decoding=\"async\" width=\"960\" height=\"540\" src=\"https:\/\/instituticoa.es\/wp-content\/uploads\/2025\/02\/ELNSemfWoAEbpJz-1024x576.webp\" class=\"attachment-large size-large wp-image-453\" alt=\"\" srcset=\"https:\/\/instituticoa.es\/wp-content\/uploads\/2025\/02\/ELNSemfWoAEbpJz-1024x576.webp 1024w, https:\/\/instituticoa.es\/wp-content\/uploads\/2025\/02\/ELNSemfWoAEbpJz-300x169.webp 300w, https:\/\/instituticoa.es\/wp-content\/uploads\/2025\/02\/ELNSemfWoAEbpJz-768x432.webp 768w, https:\/\/instituticoa.es\/wp-content\/uploads\/2025\/02\/ELNSemfWoAEbpJz-1536x864.webp 1536w, https:\/\/instituticoa.es\/wp-content\/uploads\/2025\/02\/ELNSemfWoAEbpJz.webp 1920w\" sizes=\"(max-width: 960px) 100vw, 960px\" \/>\t\t\t\t\t\t\t\t\t\t\t\t\t\t\t<\/div>\n\t\t\t\t<\/div>\n\t\t\t\t<\/div>\n\t\t\t\t\t<\/div>\n\t\t\t\t<\/div>\n\t\t<div class=\"elementor-element elementor-element-a19b55f e-flex e-con-boxed wpr-particle-no wpr-jarallax-no wpr-parallax-no wpr-sticky-section-no e-con e-parent\" data-id=\"a19b55f\" data-element_type=\"container\">\n\t\t\t\t\t<div class=\"e-con-inner\">\n\t\t\t\t<div class=\"elementor-element elementor-element-a42d595 elementor-widget elementor-widget-image\" data-id=\"a42d595\" data-element_type=\"widget\" data-widget_type=\"image.default\">\n\t\t\t\t<div class=\"elementor-widget-container\">\n\t\t\t\t\t\t\t\t\t\t\t\t\t\t\t<img decoding=\"async\" width=\"1177\" height=\"609\" src=\"https:\/\/instituticoa.es\/wp-content\/uploads\/2025\/02\/Untitled-1.webp\" class=\"attachment-full size-full wp-image-452\" alt=\"\" srcset=\"https:\/\/instituticoa.es\/wp-content\/uploads\/2025\/02\/Untitled-1.webp 1177w, https:\/\/instituticoa.es\/wp-content\/uploads\/2025\/02\/Untitled-1-300x155.webp 300w, https:\/\/instituticoa.es\/wp-content\/uploads\/2025\/02\/Untitled-1-1024x530.png 1024w, https:\/\/instituticoa.es\/wp-content\/uploads\/2025\/02\/Untitled-1-768x397.png 768w\" sizes=\"(max-width: 1177px) 100vw, 1177px\" \/>\t\t\t\t\t\t\t\t\t\t\t\t\t\t\t<\/div>\n\t\t\t\t<\/div>\n\t\t\t\t\t<\/div>\n\t\t\t\t<\/div>\n\t\t<div class=\"elementor-element elementor-element-1891ce4 e-flex e-con-boxed wpr-particle-no wpr-jarallax-no wpr-parallax-no wpr-sticky-section-no e-con e-parent\" data-id=\"1891ce4\" data-element_type=\"container\">\n\t\t\t\t\t<div class=\"e-con-inner\">\n\t\t\t\t<div class=\"elementor-element elementor-element-dacce56 elementor-widget elementor-widget-html\" data-id=\"dacce56\" data-element_type=\"widget\" data-widget_type=\"html.default\">\n\t\t\t\t<div class=\"elementor-widget-container\">\n\t\t\t\t\t<style>\n    a {\n    color: #4C6395;\n}\n\na:visited {\n    color: #4C6395;\n}\n\n<\/style>\t\t\t\t<\/div>\n\t\t\t\t<\/div>\n\t\t\t\t<div class=\"elementor-element elementor-element-9cdd81e elementor-widget elementor-widget-heading\" data-id=\"9cdd81e\" data-element_type=\"widget\" data-widget_type=\"heading.default\">\n\t\t\t\t<div class=\"elementor-widget-container\">\n\t\t\t\t\t<h2 class=\"elementor-heading-title elementor-size-default\">Les activitats eran:<\/h2>\t\t\t\t<\/div>\n\t\t\t\t<\/div>\n\t\t\t\t<div class=\"elementor-element elementor-element-daa4dfb elementor-widget elementor-widget-text-editor\" data-id=\"daa4dfb\" data-element_type=\"widget\" data-widget_type=\"text-editor.default\">\n\t\t\t\t<div class=\"elementor-widget-container\">\n\t\t\t\t\t\t\t\t\t<p>11:00 \u2013 Realitat virtual: servei vs. mitj\u00e0<\/p>\t\t\t\t\t\t\t\t<\/div>\n\t\t\t\t<\/div>\n\t\t\t\t<div class=\"elementor-element elementor-element-269360c elementor-widget elementor-widget-text-editor\" data-id=\"269360c\" data-element_type=\"widget\" data-widget_type=\"text-editor.default\">\n\t\t\t\t<div class=\"elementor-widget-container\">\n\t\t\t\t\t\t\t\t\t<p><strong>Andie Sacchi <\/strong><\/p><p>La realitat virtual \u00e9s el que ja es ve anunciant-se a si mateixa: una realitat. Parlem del seu paper com a servei i com a mitj\u00e0 per entendre per qu\u00e8 cal deixar-lo de<br \/>veure com a novetat i tractar les seves obres i desenvolupament amb la responsabilitat deguda.<\/p><p><strong>Portfolio: <a href=\"http:\/\/www.mahatmandie.com\">www.mahatmandie.com<\/a><\/strong><\/p>\t\t\t\t\t\t\t\t<\/div>\n\t\t\t\t<\/div>\n\t\t\t\t<div class=\"elementor-element elementor-element-bca313e elementor-widget elementor-widget-text-editor\" data-id=\"bca313e\" data-element_type=\"widget\" data-widget_type=\"text-editor.default\">\n\t\t\t\t<div class=\"elementor-widget-container\">\n\t\t\t\t\t\t\t\t\t<p>12:00 \u2013 GameBCN i altres vies de professionalitzaci\u00f3<\/p>\t\t\t\t\t\t\t\t<\/div>\n\t\t\t\t<\/div>\n\t\t\t\t<div class=\"elementor-element elementor-element-fec8017 elementor-widget elementor-widget-text-editor\" data-id=\"fec8017\" data-element_type=\"widget\" data-widget_type=\"text-editor.default\">\n\t\t\t\t<div class=\"elementor-widget-container\">\n\t\t\t\t\t\t\t\t\t<p><strong>Profesional: Oscar Sahun\u00a0<\/strong><\/p><p>El coordinador d\u2019el programa d\u2019incubaci\u00f3 per a estudis indie de videojocs GameBCN explicar\u00e0 la tasca que porten fent durant quatre anys per ajudar a equips que volen dedicar-se professionalment a el desenvolupament de videojocs. Oscar Sahun analitzar\u00e0 diferents opcions per comen\u00e7ar en aquest sector i compartir\u00e0 consells basats en la seva pr\u00f2pia experi\u00e8ncia per reduir el risc de mort indie.<br \/>Hyper Three Studio, equipo incubado en la tercera edici\u00f3n de GameBCN contar\u00e1 c\u00f3mo le ayud\u00f3 su participaci\u00f3n en el programa.<\/p><p><strong>Portfolio: <a href=\"https:\/\/gamebcn.co\/\">https:\/\/gamebcn.co\/<\/a><\/strong><\/p>\t\t\t\t\t\t\t\t<\/div>\n\t\t\t\t<\/div>\n\t\t\t\t<div class=\"elementor-element elementor-element-99539d5 elementor-widget elementor-widget-text-editor\" data-id=\"99539d5\" data-element_type=\"widget\" data-widget_type=\"text-editor.default\">\n\t\t\t\t<div class=\"elementor-widget-container\">\n\t\t\t\t\t\t\t\t\t<p>13:00 \u2013 Esculpit org\u00e0nic d\u2019un bust en ZBrush<\/p>\t\t\t\t\t\t\t\t<\/div>\n\t\t\t\t<\/div>\n\t\t\t\t<div class=\"elementor-element elementor-element-b3a582c elementor-widget elementor-widget-text-editor\" data-id=\"b3a582c\" data-element_type=\"widget\" data-widget_type=\"text-editor.default\">\n\t\t\t\t<div class=\"elementor-widget-container\">\n\t\t\t\t\t\t\t\t\t<p><strong>Caterina Sumalla <a href=\"https:\/\/x.com\/caterinasumalla\">@CaterinaSumalla<\/a><\/strong><\/p><p>En aquesta sessi\u00f3 veurem pas a pas des de zero com fer els trets d\u2019un bust femen\u00ed d\u2019una Twi\u2019lek fins al resultat final llest per render.<br \/><strong>Portfolio: <a href=\"http:\/\/www.artstation.com\/kath_87\">www.artstation.com\/kath_87<\/a><\/strong><\/p>\t\t\t\t\t\t\t\t<\/div>\n\t\t\t\t<\/div>\n\t\t\t\t<div class=\"elementor-element elementor-element-7ec4911 elementor-widget elementor-widget-text-editor\" data-id=\"7ec4911\" data-element_type=\"widget\" data-widget_type=\"text-editor.default\">\n\t\t\t\t<div class=\"elementor-widget-container\">\n\t\t\t\t\t\t\t\t\t<p>14:00 \u2013 El fun dels serious games. \u00bfQu\u00e8 cal fer per crear-los?<\/p>\t\t\t\t\t\t\t\t<\/div>\n\t\t\t\t<\/div>\n\t\t\t\t<div class=\"elementor-element elementor-element-f561249 elementor-widget elementor-widget-text-editor\" data-id=\"f561249\" data-element_type=\"widget\" data-widget_type=\"text-editor.default\">\n\t\t\t\t<div class=\"elementor-widget-container\">\n\t\t\t\t\t\t\t\t\t<p><strong>Ana Bel\u00e9n del Tovar Garc\u00eda <a href=\"https:\/\/twitter.com\/nedeltoga\">@Nedeltoga<\/a><\/strong><\/p><p>Rep\u00e0s a les decisions que s\u2019han de prendre a el fer un serious game amb \u00e8xit per a centres educatius: plataformes, continguts pedag\u00f2gics, com vendre-ho, diversitat a l\u2019aula \u2026<\/p><p><strong>Portfolio:\u00a0<a href=\"https:\/\/bedeltoga.blogspot.com\/\">https:\/\/bedeltoga.blogspot.com\/<\/a><\/strong><\/p>\t\t\t\t\t\t\t\t<\/div>\n\t\t\t\t<\/div>\n\t\t\t\t<div class=\"elementor-element elementor-element-f6f0eba elementor-widget elementor-widget-text-editor\" data-id=\"f6f0eba\" data-element_type=\"widget\" data-widget_type=\"text-editor.default\">\n\t\t\t\t<div class=\"elementor-widget-container\">\n\t\t\t\t\t\t\t\t\t<p>16:00 \u2013 Desenvolupant motors i editors 3D des de zero<\/p>\t\t\t\t\t\t\t\t<\/div>\n\t\t\t\t<\/div>\n\t\t\t\t<div class=\"elementor-element elementor-element-376f027 elementor-widget elementor-widget-text-editor\" data-id=\"376f027\" data-element_type=\"widget\" data-widget_type=\"text-editor.default\">\n\t\t\t\t<div class=\"elementor-widget-container\">\n\t\t\t\t\t\t\t\t\t<p><strong>Javi Agenjo <a href=\"https:\/\/twitter.com\/tamat\">@tamat<\/a><\/strong><\/p><p>En una era dominada per Unity i Unreal, cada vegada sembla m\u00e9s absurd endinsar-se en el desenvolupament d\u2019un motor 3D des de zero, m\u00e9s encara si inclou un editor (o com en el meu cas est\u00e0 fet a la web). En aquesta xerrada explicar\u00e9 com \u00e9s desenvolupar un motor 3D amb editor usant com a exemple la meva experi\u00e8ncia desenvolupant la plataforma WebGLStudio. Des arquitectura, pipeline de render, formats, llibreries fins experi\u00e8ncies personals i consells. \u00c9s una xerrada orientada a desenvolupadors que vulguin explorar la part m\u00e9s t\u00e8cnica de el desenvolupament de jocs.<\/p><p><strong>Portfolio:\u00a0<a href=\"http:\/\/www.tamats.com\/\">www.tamats.com\u00a0<\/a><\/strong><\/p>\t\t\t\t\t\t\t\t<\/div>\n\t\t\t\t<\/div>\n\t\t\t\t<div class=\"elementor-element elementor-element-895f5d3 elementor-widget elementor-widget-text-editor\" data-id=\"895f5d3\" data-element_type=\"widget\" data-widget_type=\"text-editor.default\">\n\t\t\t\t<div class=\"elementor-widget-container\">\n\t\t\t\t\t\t\t\t\t<p>17:00 \u2013 Masterclass de pixel art<\/p>\t\t\t\t\t\t\t\t<\/div>\n\t\t\t\t<\/div>\n\t\t\t\t<div class=\"elementor-element elementor-element-6d961d4 elementor-widget elementor-widget-text-editor\" data-id=\"6d961d4\" data-element_type=\"widget\" data-widget_type=\"text-editor.default\">\n\t\t\t\t<div class=\"elementor-widget-container\">\n\t\t\t\t\t\t\t\t\t<p><strong>Sabrina Camara <a href=\"https:\/\/twitter.com\/khioora\">@khioora<\/a><\/strong><\/p><p>Conceptos b\u00e1sicos sobre pixel art y animaci\u00f3n con la t\u00e9cnica de pixel, t\u00e9cnicas, muestras en juegos, artistas pixel reconocidos, y debate\/preguntas.<\/p><p><strong>Portfolio:\u00a0<a href=\"http:\/\/www.khioora.com\/\">www.khioora.com<\/a><\/strong><\/p>\t\t\t\t\t\t\t\t<\/div>\n\t\t\t\t<\/div>\n\t\t\t\t<div class=\"elementor-element elementor-element-b488cb0 elementor-widget elementor-widget-text-editor\" data-id=\"b488cb0\" data-element_type=\"widget\" data-widget_type=\"text-editor.default\">\n\t\t\t\t<div class=\"elementor-widget-container\">\n\t\t\t\t\t\t\t\t\t<p>18:00 \u2013 Saber aprofitar el feedback<\/p>\t\t\t\t\t\t\t\t<\/div>\n\t\t\t\t<\/div>\n\t\t\t\t<div class=\"elementor-element elementor-element-f898d88 elementor-widget elementor-widget-text-editor\" data-id=\"f898d88\" data-element_type=\"widget\" data-widget_type=\"text-editor.default\">\n\t\t\t\t<div class=\"elementor-widget-container\">\n\t\t\t\t\t\t\t\t\t<p><strong>Mariona Valls <a href=\"https:\/\/twitter.com\/marionshkav\">@marionshkav<\/a><\/strong><\/p><p>Prepara\u2019t per mostrar el teu projecte a el p\u00fablic. Parlarem de com tenir una bona pres\u00e8ncia i organitzar el testeig dels teus jocs, perqu\u00e8 els esdeveniments o les sessions siguin el m\u00e9s profitoses per a l\u2019equip de desenvolupament que vagi a implementar els canvis que surtin d\u2019aquestes sessions.<\/p><p><strong>Portfolio:\u00a0<a href=\"https:\/\/www.mangoprotocol.com\/\">https:\/\/www.mangoprotocol.com\/<\/a><\/strong><\/p>\t\t\t\t\t\t\t\t<\/div>\n\t\t\t\t<\/div>\n\t\t\t\t\t<\/div>\n\t\t\t\t<\/div>\n\t\t\t\t<\/div>","protected":false},"excerpt":{"rendered":"<p>AprenDev 2019 AprenDev \u00e9s un esdeveniment dedicat a professionals i estudiants de la ind\u00fastria dels videojocs, amb xerrades, tallers i masterclass d\u2019altres professionals de manera que repercuteixi en la seva experi\u00e8ncia i facilitar vies per a la emprenedoria. Les activitats eran: 11:00 \u2013 Realitat virtual: servei vs. mitj\u00e0 Andie Sacchi La realitat virtual \u00e9s el que ja es ve anunciant-se a si mateixa: una realitat. Parlem del seu paper com a servei i com a mitj\u00e0 per entendre per qu\u00e8 cal deixar-lo deveure com a novetat i tractar les seves obres i desenvolupament amb la responsabilitat deguda. Portfolio: www.mahatmandie.com 12:00 \u2013 GameBCN i altres vies de professionalitzaci\u00f3 Professional: Oscar Sahun\u00a0 El coordinador d\u2019el programa d\u2019incubaci\u00f3 per a estudis indie de videojocs GameBCN explicar\u00e0 la tasca que porten fent durant quatre anys per ajudar a equips que volen dedicar-se professionalment a el desenvolupament de videojocs. Oscar Sahun analitzar\u00e0 diferents opcions per comen\u00e7ar en aquest sector i compartir\u00e0 consells basats en la seva pr\u00f2pia experi\u00e8ncia per reduir el risc de mort indie.Hyper Three Studio, equip incubat en la tercera edici\u00f3 de GameBCN explicar\u00e0 com el va ajudar la seva participaci\u00f3 en el programa. Portfolio: https:\/\/gamebcn.co\/ 13:00 \u2013 Esculpit org\u00e0nic d\u2019un bust en ZBrush Caterina Sumalla @CaterinaSumalla En aquesta sessi\u00f3 veurem pas a pas des de zero com fer els trets d\u2019un bust femen\u00ed d\u2019una Twi\u2019lek fins al resultat final llest per render.Portfolio: www.artstation.com\/kath_87 14:00 \u2013 El fun dels serious games. \u00bfQu\u00e8 cal fer per crear-los? Ana Bel\u00e9n del Tovar Garc\u00eda @Nedeltoga Rep\u00e0s a les decisions que s\u2019han de prendre a el fer un serious game amb \u00e8xit per a centres educatius: plataformes, continguts pedag\u00f2gics, com vendre-ho, diversitat a l\u2019aula \u2026 Portfolio:\u00a0https:\/\/bedeltoga.blogspot.com\/ 16:00 \u2013 Desenvolupant motors i editors 3D des de zero Javi Agenjo @tamat En una era dominada per Unity i Unreal, cada vegada sembla m\u00e9s absurd endinsar-se en el desenvolupament d\u2019un motor 3D des de zero, m\u00e9s encara si inclou un editor (o com en el meu cas est\u00e0 fet a la web). En aquesta xerrada explicar\u00e9 com \u00e9s desenvolupar un motor 3D amb editor usant com a exemple la meva experi\u00e8ncia desenvolupant la plataforma WebGLStudio. Des arquitectura, pipeline de render, formats, llibreries fins experi\u00e8ncies personals i consells. \u00c9s una xerrada orientada a desenvolupadors que vulguin explorar la part m\u00e9s t\u00e8cnica de el desenvolupament de jocs. Portfolio:\u00a0www.tamats.com\u00a0 17:00 \u2013 Masterclass de pixel art Sabrina Camara @khioora Conceptes b\u00e0sics sobre p\u00edxel art i animaci\u00f3 amb la t\u00e8cnica de p\u00edxel, t\u00e8cniques, mostres en jocs, artistes p\u00edxel reconeguts, i debat \/ preguntes. Portfolio:\u00a0www.khioora.com 18:00 \u2013 Saber aprofitar el feedback Mariona Valls @marionshkav Prepara\u2019t per mostrar el teu projecte a el p\u00fablic. Parlarem de com tenir una bona pres\u00e8ncia i organitzar el testeig dels teus jocs, perqu\u00e8 els esdeveniments o les sessions siguin el m\u00e9s profitoses per a l\u2019equip de desenvolupament que vagi a implementar els canvis que surtin d\u2019aquestes sessions. Portfolio:\u00a0https:\/\/www.mangoprotocol.com\/<\/p>","protected":false},"author":1,"featured_media":0,"parent":0,"menu_order":0,"comment_status":"closed","ping_status":"closed","template":"elementor_canvas","meta":{"inline_featured_image":false,"footnotes":""},"class_list":["post-449","page","type-page","status-publish","hentry"],"_links":{"self":[{"href":"https:\/\/instituticoa.es\/es\/wp-json\/wp\/v2\/pages\/449","targetHints":{"allow":["GET"]}}],"collection":[{"href":"https:\/\/instituticoa.es\/es\/wp-json\/wp\/v2\/pages"}],"about":[{"href":"https:\/\/instituticoa.es\/es\/wp-json\/wp\/v2\/types\/page"}],"author":[{"embeddable":true,"href":"https:\/\/instituticoa.es\/es\/wp-json\/wp\/v2\/users\/1"}],"replies":[{"embeddable":true,"href":"https:\/\/instituticoa.es\/es\/wp-json\/wp\/v2\/comments?post=449"}],"version-history":[{"count":43,"href":"https:\/\/instituticoa.es\/es\/wp-json\/wp\/v2\/pages\/449\/revisions"}],"predecessor-version":[{"id":769,"href":"https:\/\/instituticoa.es\/es\/wp-json\/wp\/v2\/pages\/449\/revisions\/769"}],"wp:attachment":[{"href":"https:\/\/instituticoa.es\/es\/wp-json\/wp\/v2\/media?parent=449"}],"curies":[{"name":"wp","href":"https:\/\/api.w.org\/{rel}","templated":true}]}}